{"id":1771,"date":"2023-05-09T13:39:48","date_gmt":"2023-05-09T11:39:48","guid":{"rendered":"https:\/\/www.bebold.digital\/?page_id=1771"},"modified":"2024-04-15T15:25:53","modified_gmt":"2024-04-15T13:25:53","slug":"marketing-automation","status":"publish","type":"page","link":"https:\/\/www.bebold.digital\/nl\/services\/marketing-communication\/marketing-automation\/","title":{"rendered":"Marketing Automation"},"content":{"rendered":"\n<h3 class=\"wp-block-heading\">Wat wij denken over<br><em>Marketing Automation<\/em><\/h3>\n\n\n\n<p>In de wereld van digitale marketing is marketing automation een absolute gamechanger. Bij BeBold begrijpen we het belang van het smeden van duurzame connecties met jouw doelpubliek. Onze geavanceerde marketing automation service is ontworpen om je doelgroep met doelgerichte en relevante boodschappen te benaderen om zo conversie te stimuleren.<\/p>\n\n\n\n<p>We geloven niet in marketingoplossingen die voor iedereen hetzelfde zijn. Daarom benaderen we jouw project niet enkel met een persoonlijke touch, maar passen we ook de marketing automation aan jouw marketingdoelstellingen en merkidentiteit aan. Ons team van marketingexperts werkt nauw met je samen en cre\u00ebert een gepersonaliseerde strategie die naadloos aansluit met jouw algemeen digitaal marketingplan.<\/p>\n\n\n\n<p>Ons uitgebreid assortiment aan marketing automation services omvat alles wat je nodig hebt om jouw marketingpotentieel ten volle te benutten. Van het cre\u00ebren van overtuigende content tot het ontwerpen van opvallende templates tot het opzetten van geautomatiseerde campagnes. We maken gebruik van de laatste marketingtools- en technologie\u00ebn om elk aspect van jouw marketing automation te optimaliseren. Enkel zo realiseren we \u00e9n betrokkenheid \u00e9n conversies.<\/p>\n\n\n\n<p>Maar bij BeBold gaan we nog dat ene tikkeltje verder. We omarmen de kracht van de inbound marketingfilosofie volledig en richten ons op waardevolle en informatieve content die resoneert met jouw doelgroep.<\/p>\n\n\n\n<p>Of je nu leads wil genereren, aan klantretentie wil doen of verkoop wil stimuleren \u2026 bij BeBold ben je aan het goeie adres. Ontdek snel hoe we samen nog Bolder groeien!<\/p>\n\n\n\n<figure class=\"wp-block-image size-large\"><img decoding=\"async\" loading=\"lazy\" width=\"2000\" height=\"1333\" src=\"https:\/\/www.bebold.digital\/wp-content\/uploads\/2023\/12\/Services-Marketing-Automation-2000x1333.jpg\" alt=\"\" class=\"wp-image-5416\" srcset=\"https:\/\/www.bebold.digital\/wp-content\/uploads\/2023\/12\/Services-Marketing-Automation-2000x1333.jpg 2000w, https:\/\/www.bebold.digital\/wp-content\/uploads\/2023\/12\/Services-Marketing-Automation-1200x800.jpg 1200w, https:\/\/www.bebold.digital\/wp-content\/uploads\/2023\/12\/Services-Marketing-Automation-768x512.jpg 768w, https:\/\/www.bebold.digital\/wp-content\/uploads\/2023\/12\/Services-Marketing-Automation-1536x1024.jpg 1536w, https:\/\/www.bebold.digital\/wp-content\/uploads\/2023\/12\/Services-Marketing-Automation-2048x1365.jpg 2048w\" sizes=\"(max-width: 2000px) 100vw, 2000px\" \/><\/figure>\n","protected":false},"excerpt":{"rendered":"<p>Wat wij denken overMarketing Automation In de wereld van digitale marketing is marketing automation een absolute gamechanger. Bij BeBold begrijpen we het belang van het smeden van duurzame connecties met jouw doelpubliek. Onze geavanceerde marketing automation service is ontworpen om je doelgroep met doelgerichte en relevante boodschappen te benaderen om zo conversie te stimuleren. We [&hellip;]<\/p>\n","protected":false},"author":1,"featured_media":0,"parent":1741,"menu_order":3,"comment_status":"closed","ping_status":"closed","template":"page-subservice.php","meta":[],"acf":[],"_links":{"self":[{"href":"https:\/\/www.bebold.digital\/nl\/wp-json\/wp\/v2\/pages\/1771"}],"collection":[{"href":"https:\/\/www.bebold.digital\/nl\/wp-json\/wp\/v2\/pages"}],"about":[{"href":"https:\/\/www.bebold.digital\/nl\/wp-json\/wp\/v2\/types\/page"}],"author":[{"embeddable":true,"href":"https:\/\/www.bebold.digital\/nl\/wp-json\/wp\/v2\/users\/1"}],"replies":[{"embeddable":true,"href":"https:\/\/www.bebold.digital\/nl\/wp-json\/wp\/v2\/comments?post=1771"}],"version-history":[{"count":0,"href":"https:\/\/www.bebold.digital\/nl\/wp-json\/wp\/v2\/pages\/1771\/revisions"}],"up":[{"embeddable":true,"href":"https:\/\/www.bebold.digital\/nl\/wp-json\/wp\/v2\/pages\/1741"}],"wp:attachment":[{"href":"https:\/\/www.bebold.digital\/nl\/wp-json\/wp\/v2\/media?parent=1771"}],"curies":[{"name":"wp","href":"https:\/\/api.w.org\/{rel}","templated":true}]}}